{"id":120,"date":"2024-12-04T09:29:11","date_gmt":"2024-12-04T08:29:11","guid":{"rendered":"https:\/\/www.cofinancegroup.com\/about\/"},"modified":"2025-06-24T17:21:43","modified_gmt":"2025-06-24T15:21:43","slug":"about","status":"publish","type":"page","link":"https:\/\/www.cofinancegroup.com\/en\/about\/","title":{"rendered":"About us"},"content":{"rendered":"<h3>Ambition<\/h3>\n<h2>Cofinance est une soci\u00e9t\u00e9 ind\u00e9pendante d\u2019investissement<br \/>\net de gestion d\u2019actifs immobiliers.<\/h2>\n<p>Nous sommes sp\u00e9cialis\u00e9s dans la cr\u00e9ation de valeur sur tous types d&#8217;actifs immobiliers : h\u00f4tels, bureaux, commerces, r\u00e9sidentiels et logistiques.\u2028Notre expertise couvre l&#8217;acquisition, la structuration financi\u00e8re, l\u2019asset management dans le cadre de club deals.\u2028Nous investissons aux c\u00f4t\u00e9s de nos partenaires-investisseurs, ce qui permet d\u2019\u00e9tablir des relations durables, en alignant nos int\u00e9r\u00eats, tout en g\u00e9n\u00e9rant des opportunit\u00e9s d&#8217;affaires r\u00e9currentes.<\/p>\n","protected":false},"excerpt":{"rendered":"<p>Ambition Cofinance est une soci\u00e9t\u00e9 ind\u00e9pendante d\u2019investissement et de gestion d\u2019actifs immobiliers. Nous sommes sp\u00e9cialis\u00e9s dans la cr\u00e9ation de valeur sur tous types d&#8217;actifs immobiliers : h\u00f4tels, bureaux, commerces, r\u00e9sidentiels et logistiques.\u2028Notre expertise couvre l&#8217;acquisition, la structuration financi\u00e8re, l\u2019asset management dans le cadre de club deals.\u2028Nous investissons aux c\u00f4t\u00e9s de nos partenaires-investisseurs, ce qui permet [&hellip;]<\/p>\n","protected":false},"author":1,"featured_media":515,"parent":0,"menu_order":4,"comment_status":"closed","ping_status":"closed","template":"page-about.php","meta":{"inline_featured_image":false,"footnotes":""},"class_list":["post-120","page","type-page","status-publish","has-post-thumbnail","hentry"],"acf":[],"_links":{"self":[{"href":"https:\/\/www.cofinancegroup.com\/en\/wp-json\/wp\/v2\/pages\/120","targetHints":{"allow":["GET"]}}],"collection":[{"href":"https:\/\/www.cofinancegroup.com\/en\/wp-json\/wp\/v2\/pages"}],"about":[{"href":"https:\/\/www.cofinancegroup.com\/en\/wp-json\/wp\/v2\/types\/page"}],"author":[{"embeddable":true,"href":"https:\/\/www.cofinancegroup.com\/en\/wp-json\/wp\/v2\/users\/1"}],"replies":[{"embeddable":true,"href":"https:\/\/www.cofinancegroup.com\/en\/wp-json\/wp\/v2\/comments?post=120"}],"version-history":[{"count":10,"href":"https:\/\/www.cofinancegroup.com\/en\/wp-json\/wp\/v2\/pages\/120\/revisions"}],"predecessor-version":[{"id":777,"href":"https:\/\/www.cofinancegroup.com\/en\/wp-json\/wp\/v2\/pages\/120\/revisions\/777"}],"wp:featuredmedia":[{"embeddable":true,"href":"https:\/\/www.cofinancegroup.com\/en\/wp-json\/wp\/v2\/media\/515"}],"wp:attachment":[{"href":"https:\/\/www.cofinancegroup.com\/en\/wp-json\/wp\/v2\/media?parent=120"}],"curies":[{"name":"wp","href":"https:\/\/api.w.org\/{rel}","templated":true}]}}